{"id":9,"date":"2024-10-08T12:02:40","date_gmt":"2024-10-08T10:02:40","guid":{"rendered":"http:\/\/ventoux-gravel.fr\/?page_id=9"},"modified":"2025-05-05T15:45:45","modified_gmt":"2025-05-05T13:45:45","slug":"ventoux-170k","status":"publish","type":"page","link":"https:\/\/ventoux-gravel.fr\/index.php\/ventoux-170k\/","title":{"rendered":"Ventoux 110K &#8211; 3 000D+"},"content":{"rendered":"\n<p>Le 12 avril 2025, nous \u00e9tions une dizaine \u00e0 r\u00e9aliser cette trace ensemble. Direction les combes de Veaux pour monter au col du Comte ! Nous avons ensuite pris la direction de Brantes, pour rester face nord. Apr\u00e8s avoir bascul\u00e9 face sud par le col de la Tune, nous nous sommes dirig\u00e9s vers le sommet du Mont Ventoux. La neige ayant \u00e9t\u00e9 d\u00e9gag\u00e9 de la route (ou presque) face nord, nous avons pris beaucoup de plaisir \u00e0 redescendre \u00e0 Malauc\u00e8ne (tout en prenant des photos de nos v\u00e9los \u00e0 c\u00f4t\u00e9 des murs de neige). Quelque chose d&rsquo;\u00e9ph\u00e9m\u00e8re au sommet du Ventoux !<\/p>\n\n\n\n<div class=\"strava-embed-placeholder\" data-embed-type=\"route\" data-embed-id=\"3346939834541158608\" data-style=\"standard\" data-terrain=\"3d\" data-surface-type=\"true\" data-map-hash=\"9.83\/44.1887\/5.2494\" data-from-embed=\"true\"><\/div><script src=\"https:\/\/strava-embeds.com\/embed.js\"><\/script>\n\n\n\n<div class=\"wp-block-buttons is-content-justification-center is-layout-flex wp-container-core-buttons-is-layout-a89b3969 wp-block-buttons-is-layout-flex\">\n<div class=\"wp-block-button\"><a class=\"wp-block-button__link wp-element-button\">RDV en avril 2026 pour une nouvelle trace dans le Ventoux, face sud !<\/a><\/div>\n<\/div>\n\n\n\n<p>Mat\u00e9riel obligatoire :<\/p>\n\n\n\n<ul class=\"wp-block-list\">\n<li>\u00c9clairage avant (tu sais quand tu pars, jamais quand tu arrives et m\u00eame si la nuit se couche de plus en plus tard en avril &#8211; la trace est longue)<\/li>\n\n\n\n<li>Une couche chaude. Nous sommes dans le Ventoux<\/li>\n\n\n\n<li>Une couverture de survie. Cela p\u00e8se 10g et peut \u00eatre tr\u00e8s utile&#8230;<\/li>\n\n\n\n<li>De quoi r\u00e9parer de mani\u00e8re autonome<\/li>\n\n\n\n<li>Un casque, sinon je ne roule pas avec toi \ud83d\ude09<\/li>\n<\/ul>\n","protected":false},"excerpt":{"rendered":"<p>Le 12 avril 2025, nous \u00e9tions une dizaine \u00e0 r\u00e9aliser cette trace ensemble. Direction les combes de Veaux pour monter au col du Comte ! Nous avons ensuite pris la direction de Brantes, pour rester face nord. Apr\u00e8s avoir bascul\u00e9 face sud par le col de la Tune, nous nous sommes dirig\u00e9s vers le sommet [&hellip;]<\/p>\n","protected":false},"author":1,"featured_media":0,"parent":0,"menu_order":0,"comment_status":"closed","ping_status":"closed","template":"","meta":{"footnotes":""},"class_list":["post-9","page","type-page","status-publish","hentry"],"_links":{"self":[{"href":"https:\/\/ventoux-gravel.fr\/index.php\/wp-json\/wp\/v2\/pages\/9","targetHints":{"allow":["GET"]}}],"collection":[{"href":"https:\/\/ventoux-gravel.fr\/index.php\/wp-json\/wp\/v2\/pages"}],"about":[{"href":"https:\/\/ventoux-gravel.fr\/index.php\/wp-json\/wp\/v2\/types\/page"}],"author":[{"embeddable":true,"href":"https:\/\/ventoux-gravel.fr\/index.php\/wp-json\/wp\/v2\/users\/1"}],"replies":[{"embeddable":true,"href":"https:\/\/ventoux-gravel.fr\/index.php\/wp-json\/wp\/v2\/comments?post=9"}],"version-history":[{"count":9,"href":"https:\/\/ventoux-gravel.fr\/index.php\/wp-json\/wp\/v2\/pages\/9\/revisions"}],"predecessor-version":[{"id":211,"href":"https:\/\/ventoux-gravel.fr\/index.php\/wp-json\/wp\/v2\/pages\/9\/revisions\/211"}],"wp:attachment":[{"href":"https:\/\/ventoux-gravel.fr\/index.php\/wp-json\/wp\/v2\/media?parent=9"}],"curies":[{"name":"wp","href":"https:\/\/api.w.org\/{rel}","templated":true}]}}