{"id":81,"date":"2024-10-15T15:37:40","date_gmt":"2024-10-15T13:37:40","guid":{"rendered":"https:\/\/ventoux-gravel.fr\/?page_id=81"},"modified":"2024-11-08T12:25:50","modified_gmt":"2024-11-08T11:25:50","slug":"mentions-legales","status":"publish","type":"page","link":"https:\/\/ventoux-gravel.fr\/index.php\/mentions-legales\/","title":{"rendered":"Mentions l\u00e9gales"},"content":{"rendered":"\n<ul class=\"wp-block-list\">\n<li><strong>Responsable de publication<\/strong> : Benjamin KAUFMANN<\/li>\n\n\n\n<li>Marque d\u00e9pos\u00e9e : VENTOUX GRAVEL<\/li>\n\n\n\n<li>Adresse : 84110 Buisson<\/li>\n\n\n\n<li>Email : benjamin@ventoux-gravel.fr<\/li>\n<\/ul>\n\n\n\n<p>Ce site web est h\u00e9berg\u00e9 par : <a href=\"https:\/\/www.ovh.com\/fr\/\" target=\"_blank\" rel=\"noreferrer noopener\">OVH.com<\/a> | 2 rue Kellermann 59100 Roubaix<\/p>\n\n\n\n<p>Vos donn\u00e9es personnelles (nom, pr\u00e9nom, code postal et ville, e-mail) sont collect\u00e9es dans le strict respect de la loi n\u00b0 2004-575 du 21 juin 2004 pour la Confiance dans l\u2019\u00c9conomie Num\u00e9rique.<\/p>\n\n\n\n<p>Conform\u00e9ment \u00e0 la loi n\u00b078-17 du 6 janvier 1978 relative \u00e0 l\u2019informatique, aux fichiers et aux libert\u00e9s modifi\u00e9e par la nouvelle loi Informatique et Libert\u00e9s du 6 ao\u00fbt 2004, vous disposez d\u2019un droit d\u2019acc\u00e8s, de modifications, de rectifications et de suppression des donn\u00e9es qui vous concernent. Pour cela il vous suffit de nous contacter par e-mail : benjamin@ventoux-gravel.fr<\/p>\n","protected":false},"excerpt":{"rendered":"<p>Ce site web est h\u00e9berg\u00e9 par : OVH.com | 2 rue Kellermann 59100 Roubaix Vos donn\u00e9es personnelles (nom, pr\u00e9nom, code postal et ville, e-mail) sont collect\u00e9es dans le strict respect de la loi n\u00b0 2004-575 du 21 juin 2004 pour la Confiance dans l\u2019\u00c9conomie Num\u00e9rique. Conform\u00e9ment \u00e0 la loi n\u00b078-17 du 6 janvier 1978 relative [&hellip;]<\/p>\n","protected":false},"author":1,"featured_media":0,"parent":0,"menu_order":0,"comment_status":"closed","ping_status":"closed","template":"","meta":{"footnotes":""},"class_list":["post-81","page","type-page","status-publish","hentry"],"_links":{"self":[{"href":"https:\/\/ventoux-gravel.fr\/index.php\/wp-json\/wp\/v2\/pages\/81","targetHints":{"allow":["GET"]}}],"collection":[{"href":"https:\/\/ventoux-gravel.fr\/index.php\/wp-json\/wp\/v2\/pages"}],"about":[{"href":"https:\/\/ventoux-gravel.fr\/index.php\/wp-json\/wp\/v2\/types\/page"}],"author":[{"embeddable":true,"href":"https:\/\/ventoux-gravel.fr\/index.php\/wp-json\/wp\/v2\/users\/1"}],"replies":[{"embeddable":true,"href":"https:\/\/ventoux-gravel.fr\/index.php\/wp-json\/wp\/v2\/comments?post=81"}],"version-history":[{"count":2,"href":"https:\/\/ventoux-gravel.fr\/index.php\/wp-json\/wp\/v2\/pages\/81\/revisions"}],"predecessor-version":[{"id":118,"href":"https:\/\/ventoux-gravel.fr\/index.php\/wp-json\/wp\/v2\/pages\/81\/revisions\/118"}],"wp:attachment":[{"href":"https:\/\/ventoux-gravel.fr\/index.php\/wp-json\/wp\/v2\/media?parent=81"}],"curies":[{"name":"wp","href":"https:\/\/api.w.org\/{rel}","templated":true}]}}