{"id":8,"date":"2024-10-08T16:08:09","date_gmt":"2024-10-08T14:08:09","guid":{"rendered":"http:\/\/ventoux-gravel.fr\/?page_id=8"},"modified":"2025-05-05T15:46:43","modified_gmt":"2025-05-05T13:46:43","slug":"dentelles-110k","status":"publish","type":"page","link":"https:\/\/ventoux-gravel.fr\/index.php\/dentelles-110k\/","title":{"rendered":"Dentelles 100K &#8211; 2 500D+"},"content":{"rendered":"\n<p>Qui a dit que le plus dur \u00e9tait de monter le Ventoux ? Ce parcours, \u00e0 la d\u00e9couverte des dentelles de Montmirail, en plus d&rsquo;\u00eatre un bijou de beaut\u00e9 est d&rsquo;une incroyable difficult\u00e9. Rien de jamais bien long, mais tu ne verras pas un kilom\u00e8tre de plat sur ce parcours (ou presque).<\/p>\n\n\n\n<p>Ce parcours est 40% gravel \/ 60 % route.<\/p>\n\n\n\n<div class=\"strava-embed-placeholder\" data-embed-type=\"route\" data-embed-id=\"3346937925730953766\" data-style=\"standard\" data-map-hash=\"8.65\/44.2872\/5.0608\" data-from-embed=\"true\"><\/div><script src=\"https:\/\/strava-embeds.com\/embed.js\"><\/script>\n\n\n\n<div class=\"wp-block-buttons is-content-justification-center is-layout-flex wp-container-core-buttons-is-layout-a89b3969 wp-block-buttons-is-layout-flex\">\n<div class=\"wp-block-button\"><a class=\"wp-block-button__link wp-element-button\">RDV en avril 2026 pour une nouvelle trace plus au sud !<\/a><\/div>\n<\/div>\n\n\n\n<p>Mat\u00e9riel presque obligatoire :<\/p>\n\n\n\n<ul class=\"wp-block-list\">\n<li>\u00c9clairage avant (tu sais quand tu pars, jamais quand tu arrives et m\u00eame si la nuit se couche de plus en plus tard en avril)<\/li>\n\n\n\n<li>Une couverture de survie. Cela p\u00e8se 10g et peut \u00eatre tr\u00e8s utile\u2026<\/li>\n\n\n\n<li>De quoi r\u00e9parer de mani\u00e8re autonome<\/li>\n\n\n\n<li>Un casque, sinon je ne roule pas avec toi \ud83d\ude09<\/li>\n<\/ul>\n","protected":false},"excerpt":{"rendered":"<p>Qui a dit que le plus dur \u00e9tait de monter le Ventoux ? Ce parcours, \u00e0 la d\u00e9couverte des dentelles de Montmirail, en plus d&rsquo;\u00eatre un bijou de beaut\u00e9 est d&rsquo;une incroyable difficult\u00e9. Rien de jamais bien long, mais tu ne verras pas un kilom\u00e8tre de plat sur ce parcours (ou presque). Ce parcours est [&hellip;]<\/p>\n","protected":false},"author":1,"featured_media":0,"parent":0,"menu_order":0,"comment_status":"closed","ping_status":"closed","template":"","meta":{"footnotes":""},"class_list":["post-8","page","type-page","status-publish","hentry"],"_links":{"self":[{"href":"https:\/\/ventoux-gravel.fr\/index.php\/wp-json\/wp\/v2\/pages\/8","targetHints":{"allow":["GET"]}}],"collection":[{"href":"https:\/\/ventoux-gravel.fr\/index.php\/wp-json\/wp\/v2\/pages"}],"about":[{"href":"https:\/\/ventoux-gravel.fr\/index.php\/wp-json\/wp\/v2\/types\/page"}],"author":[{"embeddable":true,"href":"https:\/\/ventoux-gravel.fr\/index.php\/wp-json\/wp\/v2\/users\/1"}],"replies":[{"embeddable":true,"href":"https:\/\/ventoux-gravel.fr\/index.php\/wp-json\/wp\/v2\/comments?post=8"}],"version-history":[{"count":13,"href":"https:\/\/ventoux-gravel.fr\/index.php\/wp-json\/wp\/v2\/pages\/8\/revisions"}],"predecessor-version":[{"id":212,"href":"https:\/\/ventoux-gravel.fr\/index.php\/wp-json\/wp\/v2\/pages\/8\/revisions\/212"}],"wp:attachment":[{"href":"https:\/\/ventoux-gravel.fr\/index.php\/wp-json\/wp\/v2\/media?parent=8"}],"curies":[{"name":"wp","href":"https:\/\/api.w.org\/{rel}","templated":true}]}}