{"id":21,"date":"2024-10-08T11:39:37","date_gmt":"2024-10-08T09:39:37","guid":{"rendered":"https:\/\/ventoux-gravel.fr\/?page_id=21"},"modified":"2024-11-08T12:05:33","modified_gmt":"2024-11-08T11:05:33","slug":"hebergement","status":"publish","type":"page","link":"https:\/\/ventoux-gravel.fr\/index.php\/hebergement\/","title":{"rendered":"H\u00e9bergement"},"content":{"rendered":"\n<p>Le d\u00e9part et l&rsquo;arriv\u00e9e des traces \u00ab\u00a0VENTOUX GRAVEL\u00a0\u00bb s&rsquo;effectueront du village vacances \u00ab\u00a0Le Moulin de C\u00e9sar\u00a0\u00bb, situ\u00e9 \u00e0 l&rsquo;entr\u00e9e de Vaison-la-Romaine.<\/p>\n\n\n\n<p>\u00ab\u00a0Le Moulin de C\u00e9sar\u00a0\u00bb propose des chambres de 2, 3 ou 4 personnes et en demi-pension.<\/p>\n\n\n\n<p>Ce que propose \u00ab\u00a0Le Moulin de C\u00e9sar\u00a0\u00bb :<\/p>\n\n\n\n<ul class=\"wp-block-list\">\n<li>Une chambre, de 2 \u00e0 4 lits simples &#8211; id\u00e9al pour un week-end entre potes<\/li>\n\n\n\n<li>Ton v\u00e9lo dans un garage s\u00e9curis\u00e9<\/li>\n\n\n\n<li>La demi-pension : petit-d\u00e9jeuner et d\u00eener<\/li>\n\n\n\n<li>La possibilit\u00e9 de garer gratuitement ta voiture pendant que tu roules<\/li>\n\n\n\n<li>Un cadre champ\u00eatre, proven\u00e7al<\/li>\n<\/ul>\n\n\n\n<p>Avant chaque \u00e9preuve, tu pourras prendre un petit-d\u00e9jeuner adapt\u00e9 au Moulin de C\u00e9sar. St\u00e9phane et ses \u00e9quipes ont l&rsquo;habitude de recevoir des sportifs. Ainsi au petit-d\u00e9jeuner, tu pourras retrouver cakes sportifs et autres douceurs sal\u00e9s et sucr\u00e9es pour faire le plein d&rsquo;\u00e9nergie et atteindre le sommet \ud83d\ude09<\/p>\n\n\n\n<div class=\"wp-block-buttons is-content-justification-center is-layout-flex wp-container-core-buttons-is-layout-a89b3969 wp-block-buttons-is-layout-flex\">\n<div class=\"wp-block-button\"><a class=\"wp-block-button__link wp-element-button\" href=\"https:\/\/www.escapade-vacances.com\/destination\/le-moulin-de-cesar\/\">En savoir plus sur cet h\u00e9bergement<\/a><\/div>\n\n\n\n<div class=\"wp-block-button\"><a class=\"wp-block-button__link wp-element-button\" href=\"https:\/\/bookingpremium.secureholiday.net\/group\/fr\/23\/search\/estab-list\">Je r\u00e9serve \u00e0 cet h\u00e9bergement<\/a><\/div>\n<\/div>\n\n\n\n<figure class=\"wp-block-embed is-type-video is-provider-youtube wp-block-embed-youtube wp-embed-aspect-16-9 wp-has-aspect-ratio\"><div class=\"wp-block-embed__wrapper\">\n<iframe loading=\"lazy\" title=\"Le Moulin de C\u00e9sar\" width=\"500\" height=\"281\" src=\"https:\/\/www.youtube.com\/embed\/ZvX7lUmhCkM?feature=oembed\" frameborder=\"0\" allow=\"accelerometer; autoplay; clipboard-write; encrypted-media; gyroscope; picture-in-picture; web-share\" referrerpolicy=\"strict-origin-when-cross-origin\" allowfullscreen><\/iframe>\n<\/div><\/figure>\n\n\n\n<div class=\"wp-block-buttons is-content-justification-center is-layout-flex wp-container-core-buttons-is-layout-a89b3969 wp-block-buttons-is-layout-flex\"><\/div>\n\n\n\n<p><\/p>\n","protected":false},"excerpt":{"rendered":"<p>Le d\u00e9part et l&rsquo;arriv\u00e9e des traces \u00ab\u00a0VENTOUX GRAVEL\u00a0\u00bb s&rsquo;effectueront du village vacances \u00ab\u00a0Le Moulin de C\u00e9sar\u00a0\u00bb, situ\u00e9 \u00e0 l&rsquo;entr\u00e9e de Vaison-la-Romaine. \u00ab\u00a0Le Moulin de C\u00e9sar\u00a0\u00bb propose des chambres de 2, 3 ou 4 personnes et en demi-pension. Ce que propose \u00ab\u00a0Le Moulin de C\u00e9sar\u00a0\u00bb : Avant chaque \u00e9preuve, tu pourras prendre un petit-d\u00e9jeuner adapt\u00e9 au [&hellip;]<\/p>\n","protected":false},"author":1,"featured_media":0,"parent":0,"menu_order":0,"comment_status":"closed","ping_status":"closed","template":"","meta":{"footnotes":""},"class_list":["post-21","page","type-page","status-publish","hentry"],"_links":{"self":[{"href":"https:\/\/ventoux-gravel.fr\/index.php\/wp-json\/wp\/v2\/pages\/21","targetHints":{"allow":["GET"]}}],"collection":[{"href":"https:\/\/ventoux-gravel.fr\/index.php\/wp-json\/wp\/v2\/pages"}],"about":[{"href":"https:\/\/ventoux-gravel.fr\/index.php\/wp-json\/wp\/v2\/types\/page"}],"author":[{"embeddable":true,"href":"https:\/\/ventoux-gravel.fr\/index.php\/wp-json\/wp\/v2\/users\/1"}],"replies":[{"embeddable":true,"href":"https:\/\/ventoux-gravel.fr\/index.php\/wp-json\/wp\/v2\/comments?post=21"}],"version-history":[{"count":4,"href":"https:\/\/ventoux-gravel.fr\/index.php\/wp-json\/wp\/v2\/pages\/21\/revisions"}],"predecessor-version":[{"id":108,"href":"https:\/\/ventoux-gravel.fr\/index.php\/wp-json\/wp\/v2\/pages\/21\/revisions\/108"}],"wp:attachment":[{"href":"https:\/\/ventoux-gravel.fr\/index.php\/wp-json\/wp\/v2\/media?parent=21"}],"curies":[{"name":"wp","href":"https:\/\/api.w.org\/{rel}","templated":true}]}}