{"id":145,"date":"2024-11-20T16:11:26","date_gmt":"2024-11-20T15:11:26","guid":{"rendered":"https:\/\/ventoux-gravel.fr\/?page_id=145"},"modified":"2024-12-02T15:34:25","modified_gmt":"2024-12-02T14:34:25","slug":"145-2","status":"publish","type":"page","link":"https:\/\/ventoux-gravel.fr\/index.php\/145-2\/","title":{"rendered":""},"content":{"rendered":"\n<h2 class=\"wp-block-heading has-text-align-left\">Je m&rsquo;appelle <em>Benjamin<\/em>, je suis (ultra) cycliste et trailer. J&rsquo;aime ma r\u00e9gion, la Provence, et ce petit coin nich\u00e9 entre le Mont Ventoux et les dentelles de Montmirail.<\/h2>\n\n\n\n<h2 class=\"wp-block-heading has-text-align-left\">Il y a d\u00e9j\u00e0 de belles courses cyclistes de par ici et je n&rsquo;ai aucune ambition ni pr\u00e9tention de les concurrencer. Notre territoire, Vaison Ventoux, est riche de la diversit\u00e9 de ses chemins.<\/h2>\n\n\n\n<h2 class=\"wp-block-heading has-text-align-left\">A force d&rsquo;en parler, j&rsquo;ai franchi le pas. J&rsquo;avais envie de partager deux traces de Gravel, en OFF, o\u00f9 chacun vient mettre ses roues sur les plus beaux chemins du haut Vaucluse, pour aller <a href=\"https:\/\/www.facebook.com\/Ventouxdesterresauxsommets\/\">\u00ab\u00a0des terres aux sommets\u00a0\u00bb<\/a><\/h2>\n\n\n\n<h2 class=\"wp-block-heading has-text-align-left\">Les 11 et 12 avril, un seul mot d&rsquo;ordre : amusons-nous !<\/h2>\n\n\n\n<div class=\"wp-block-group alignwide has-global-padding is-layout-constrained wp-block-group-is-layout-constrained\"><\/div>\n\n\n\n<div class=\"wp-block-group alignfull has-global-padding is-layout-constrained wp-container-core-group-is-layout-0747478d wp-block-group-is-layout-constrained\" style=\"padding-top:var(--wp--preset--spacing--50);padding-right:var(--wp--preset--spacing--50);padding-bottom:var(--wp--preset--spacing--50);padding-left:var(--wp--preset--spacing--50)\">\n<div class=\"wp-block-columns alignwide is-layout-flex wp-container-core-columns-is-layout-ff4b9c61 wp-block-columns-is-layout-flex\" style=\"margin-top:0;margin-bottom:0\">\n<div class=\"wp-block-column is-layout-flow wp-container-core-column-is-layout-8a368f38 wp-block-column-is-layout-flow\">\n<div class=\"wp-block-query is-layout-flow wp-block-query-is-layout-flow\"><ul class=\"wp-block-post-template is-layout-flow wp-container-core-post-template-is-layout-dc68bcd2 wp-block-post-template-is-layout-flow\"><li class=\"wp-block-post post-1 post type-post status-publish format-standard hentry category-non-classe\">\n\n<p><\/p>\n\n<\/li><\/ul><\/div>\n\n\n\n<figure class=\"wp-block-image size-large\"><img loading=\"lazy\" decoding=\"async\" width=\"683\" height=\"1024\" src=\"https:\/\/ventoux-gravel.fr\/wp-content\/uploads\/2024\/11\/IMG_0779-683x1024.jpg\" alt=\"\" class=\"wp-image-151\" srcset=\"https:\/\/ventoux-gravel.fr\/wp-content\/uploads\/2024\/11\/IMG_0779-683x1024.jpg 683w, https:\/\/ventoux-gravel.fr\/wp-content\/uploads\/2024\/11\/IMG_0779-200x300.jpg 200w, https:\/\/ventoux-gravel.fr\/wp-content\/uploads\/2024\/11\/IMG_0779-768x1152.jpg 768w, https:\/\/ventoux-gravel.fr\/wp-content\/uploads\/2024\/11\/IMG_0779-1024x1536.jpg 1024w, https:\/\/ventoux-gravel.fr\/wp-content\/uploads\/2024\/11\/IMG_0779-1366x2048.jpg 1366w, https:\/\/ventoux-gravel.fr\/wp-content\/uploads\/2024\/11\/IMG_0779.jpg 1667w\" sizes=\"auto, (max-width: 683px) 100vw, 683px\" \/><\/figure>\n<\/div>\n\n\n\n<div class=\"wp-block-column is-layout-flow wp-container-core-column-is-layout-8736a895 wp-block-column-is-layout-flow\" style=\"padding-top:0\">\n<div style=\"height:var(--wp--preset--spacing--50)\" aria-hidden=\"true\" class=\"wp-block-spacer\"><\/div>\n\n\n\n<div class=\"wp-block-query is-layout-flow wp-block-query-is-layout-flow\">\n<figure class=\"wp-block-image size-full\"><img decoding=\"async\" src=\"http:\/\/ventoux-gravel.fr\/wp-content\/uploads\/2024\/11\/20240726_294_3457_8256_x_5504.jpg\" alt=\"\" class=\"wp-image-149\"\/><\/figure>\n<\/div>\n\n\n\n<div style=\"height:var(--wp--preset--spacing--50)\" aria-hidden=\"true\" class=\"wp-block-spacer\"><\/div>\n<\/div>\n<\/div>\n<\/div>\n","protected":false},"excerpt":{"rendered":"<p>Je m&rsquo;appelle Benjamin, je suis (ultra) cycliste et trailer. J&rsquo;aime ma r\u00e9gion, la Provence, et ce petit coin nich\u00e9 entre le Mont Ventoux et les dentelles de Montmirail. Il y a d\u00e9j\u00e0 de belles courses cyclistes de par ici et je n&rsquo;ai aucune ambition ni pr\u00e9tention de les concurrencer. Notre territoire, Vaison Ventoux, est riche [&hellip;]<\/p>\n","protected":false},"author":1,"featured_media":0,"parent":0,"menu_order":0,"comment_status":"closed","ping_status":"closed","template":"","meta":{"footnotes":""},"class_list":["post-145","page","type-page","status-publish","hentry"],"_links":{"self":[{"href":"https:\/\/ventoux-gravel.fr\/index.php\/wp-json\/wp\/v2\/pages\/145","targetHints":{"allow":["GET"]}}],"collection":[{"href":"https:\/\/ventoux-gravel.fr\/index.php\/wp-json\/wp\/v2\/pages"}],"about":[{"href":"https:\/\/ventoux-gravel.fr\/index.php\/wp-json\/wp\/v2\/types\/page"}],"author":[{"embeddable":true,"href":"https:\/\/ventoux-gravel.fr\/index.php\/wp-json\/wp\/v2\/users\/1"}],"replies":[{"embeddable":true,"href":"https:\/\/ventoux-gravel.fr\/index.php\/wp-json\/wp\/v2\/comments?post=145"}],"version-history":[{"count":28,"href":"https:\/\/ventoux-gravel.fr\/index.php\/wp-json\/wp\/v2\/pages\/145\/revisions"}],"predecessor-version":[{"id":194,"href":"https:\/\/ventoux-gravel.fr\/index.php\/wp-json\/wp\/v2\/pages\/145\/revisions\/194"}],"wp:attachment":[{"href":"https:\/\/ventoux-gravel.fr\/index.php\/wp-json\/wp\/v2\/media?parent=145"}],"curies":[{"name":"wp","href":"https:\/\/api.w.org\/{rel}","templated":true}]}}